{"id":10080,"date":"2024-07-16T16:29:45","date_gmt":"2024-07-16T19:29:45","guid":{"rendered":"https:\/\/visualinsumos.com.ar\/site\/?post_type=product&#038;p=10080"},"modified":"2025-08-07T14:13:19","modified_gmt":"2025-08-07T17:13:19","slug":"estampadora-de-tazas-recta-modelo-automatica","status":"publish","type":"product","link":"https:\/\/visualinsumos.com.ar\/site\/producto\/estampadora-de-tazas-recta-modelo-automatica\/","title":{"rendered":"Estampadora de Tazas Premium Autom\u00e1tica &#8211; SENKO MP-99A"},"content":{"rendered":"<p>1 a\u00f1o de garant\u00eda y servicio t\u00e9cnico<br \/>\nAlta calidad de construcci\u00f3n y mayor durabilidad<br \/>\nControlador de temperatura m\u00e1s preciso<br \/>\nIdeal para profesionales con alto vol\u00famen de trabajo<br \/>\nAvanz\u00e1 en tu emprendimiento de sublimaci\u00f3n con la fant\u00e1stica estampadora de Tazas, Vasos y Mates de la linea PREMIUM de SENKO. <\/p>\n<p>Sublimadora con apertura y cierre autom\u00e1tico especializada para grandes vol\u00famenes de trabajo y para emprendedores que quieran dar un salto de calidad en sus productos. <\/p>\n<p>Cuenta con una potencia de 260W y alcanza temperaturas hasta 230\u00b0C.<\/p>\n<p>\u00a1Ideal para estampar en distintos materiales como Pol\u00edmeros, Cer\u00e1mica y muchos m\u00e1s!<\/p>\n","protected":false},"excerpt":{"rendered":"<p>1 a\u00f1o de garant\u00eda y servicio t\u00e9cnico<br \/>\nAlta calidad de construcci\u00f3n y mayor durabilidad<br \/>\nControlador de temperatura m\u00e1s preciso<br \/>\nIdeal para profesionales con alto vol\u00famen de trabajo<br \/>\nAvanz\u00e1 en tu emprendimiento de sublimaci\u00f3n con la fant\u00e1stica estampadora de Tazas, Vasos y Mates de la linea PREMIUM de SENKO. <\/p>\n<p>Sublimadora con apertura y cierre autom\u00e1tico especializada para grandes vol\u00famenes de trabajo y para emprendedores que quieran dar un salto de calidad en sus productos. <\/p>\n<p>Cuenta con una potencia de 260W y alcanza temperaturas hasta 230\u00b0C.<\/p>\n<p>\u00a1Ideal para estampar en distintos materiales como Pol\u00edmeros, Cer\u00e1mica y muchos m\u00e1s!<\/p>\n","protected":false},"featured_media":10078,"template":"","meta":[],"product_brand":[],"product_cat":[403],"product_tag":[],"class_list":{"0":"post-10080","1":"product","2":"type-product","3":"status-publish","4":"has-post-thumbnail","6":"product_cat-maquinas-botones-pines","8":"first","9":"instock","10":"shipping-taxable","11":"product-type-simple"},"tiered_pricing_type":"fixed","tiered_pricing_fixed_rules":[],"tiered_pricing_product_settings":{"layout":"default","base_unit_name":{"singular":null,"plural":null},"default_variation":null},"tiered_pricing_minimum_quantity":null,"tiered_pricing_roles_data":[],"tiered_pricing_percentage_rules":[],"_links":{"self":[{"href":"https:\/\/visualinsumos.com.ar\/site\/wp-json\/wp\/v2\/product\/10080","targetHints":{"allow":["GET"]}}],"collection":[{"href":"https:\/\/visualinsumos.com.ar\/site\/wp-json\/wp\/v2\/product"}],"about":[{"href":"https:\/\/visualinsumos.com.ar\/site\/wp-json\/wp\/v2\/types\/product"}],"wp:featuredmedia":[{"embeddable":true,"href":"https:\/\/visualinsumos.com.ar\/site\/wp-json\/wp\/v2\/media\/10078"}],"wp:attachment":[{"href":"https:\/\/visualinsumos.com.ar\/site\/wp-json\/wp\/v2\/media?parent=10080"}],"wp:term":[{"taxonomy":"product_brand","embeddable":true,"href":"https:\/\/visualinsumos.com.ar\/site\/wp-json\/wp\/v2\/product_brand?post=10080"},{"taxonomy":"product_cat","embeddable":true,"href":"https:\/\/visualinsumos.com.ar\/site\/wp-json\/wp\/v2\/product_cat?post=10080"},{"taxonomy":"product_tag","embeddable":true,"href":"https:\/\/visualinsumos.com.ar\/site\/wp-json\/wp\/v2\/product_tag?post=10080"}],"curies":[{"name":"wp","href":"https:\/\/api.w.org\/{rel}","templated":true}]}}