{"id":10089,"date":"2024-09-06T17:47:01","date_gmt":"2024-09-06T20:47:01","guid":{"rendered":"https:\/\/visualinsumos.com.ar\/site\/?post_type=product&#038;p=10089"},"modified":"2025-08-07T14:20:13","modified_gmt":"2025-08-07T17:20:13","slug":"estampadora-80-x-100cm-neumatica","status":"publish","type":"product","link":"https:\/\/visualinsumos.com.ar\/site\/producto\/estampadora-80-x-100cm-neumatica\/","title":{"rendered":"Estampadora 80x100cm Autom\u00e1tica &#8211; SENKO APHD-40 Neum\u00e1tica"},"content":{"rendered":"<p>Tama\u00f1o: 80x100cm<br \/>\nVoltaje: 220V 1phase<br \/>\nPotencia: 5.1KW<br \/>\nDebajo de la placa: Draw-out<br \/>\nControlador: GY-06 Digital de tiempo y temperatura<br \/>\nCompresor de aire requerido: s\u00ed<br \/>\nAlarma autom\u00e1tica<br \/>\nArt\u00edculos imprimibles: Espesor de hasta  20 mm<br \/>\nTemperatura m\u00e1xima: 225 C<br \/>\nRango de tiempo: 0-999 seg.<br \/>\nAplicaci\u00f3n: Especialmente para tela de gran tama\u00f1o, para camisetas, rompecabezas, mouse pad, tablero de metal, im\u00e1n de heladera, posavasos, zapatilla, bolsa, coj\u00edn, etc.<\/p>\n","protected":false},"excerpt":{"rendered":"<p>Tama\u00f1o: 80x100cm<br \/>\nVoltaje: 220V 1phase<br \/>\nPotencia: 5.1KW<br \/>\nDebajo de la placa: Draw-out<br \/>\nControlador: GY-06 Digital de tiempo y temperatura<br \/>\nCompresor de aire requerido: s\u00ed<br \/>\nAlarma autom\u00e1tica<br \/>\nArt\u00edculos imprimibles: Espesor de hasta  20 mm<br \/>\nTemperatura m\u00e1xima: 225 C<br \/>\nRango de tiempo: 0-999 seg.<br \/>\nAplicaci\u00f3n: Especialmente para tela de gran tama\u00f1o, para camisetas, rompecabezas, mouse pad, tablero de metal, im\u00e1n de heladera, posavasos, zapatilla, bolsa, coj\u00edn, etc.<\/p>\n","protected":false},"featured_media":10100,"template":"","meta":[],"product_brand":[],"product_cat":[403],"product_tag":[],"class_list":{"0":"post-10089","1":"product","2":"type-product","3":"status-publish","4":"has-post-thumbnail","6":"product_cat-maquinas-botones-pines","7":"pa_marca-senko","9":"first","10":"instock","11":"shipping-taxable","12":"product-type-simple"},"tiered_pricing_type":"fixed","tiered_pricing_fixed_rules":[],"tiered_pricing_product_settings":{"layout":"default","base_unit_name":{"singular":null,"plural":null},"default_variation":null},"tiered_pricing_minimum_quantity":null,"tiered_pricing_roles_data":[],"tiered_pricing_percentage_rules":[],"_links":{"self":[{"href":"https:\/\/visualinsumos.com.ar\/site\/wp-json\/wp\/v2\/product\/10089","targetHints":{"allow":["GET"]}}],"collection":[{"href":"https:\/\/visualinsumos.com.ar\/site\/wp-json\/wp\/v2\/product"}],"about":[{"href":"https:\/\/visualinsumos.com.ar\/site\/wp-json\/wp\/v2\/types\/product"}],"wp:featuredmedia":[{"embeddable":true,"href":"https:\/\/visualinsumos.com.ar\/site\/wp-json\/wp\/v2\/media\/10100"}],"wp:attachment":[{"href":"https:\/\/visualinsumos.com.ar\/site\/wp-json\/wp\/v2\/media?parent=10089"}],"wp:term":[{"taxonomy":"product_brand","embeddable":true,"href":"https:\/\/visualinsumos.com.ar\/site\/wp-json\/wp\/v2\/product_brand?post=10089"},{"taxonomy":"product_cat","embeddable":true,"href":"https:\/\/visualinsumos.com.ar\/site\/wp-json\/wp\/v2\/product_cat?post=10089"},{"taxonomy":"product_tag","embeddable":true,"href":"https:\/\/visualinsumos.com.ar\/site\/wp-json\/wp\/v2\/product_tag?post=10089"}],"curies":[{"name":"wp","href":"https:\/\/api.w.org\/{rel}","templated":true}]}}