{"id":7921,"date":"2022-09-21T22:29:45","date_gmt":"2022-09-22T01:29:45","guid":{"rendered":"https:\/\/visualinsumos.com.ar\/site\/?post_type=product&#038;p=7921"},"modified":"2026-03-06T14:39:56","modified_gmt":"2026-03-06T17:39:56","slug":"termo-estampadora-nicobuttons-60x40-cm","status":"publish","type":"product","link":"https:\/\/visualinsumos.com.ar\/site\/producto\/termo-estampadora-nicobuttons-60x40-cm\/","title":{"rendered":"Estampadora &#8211; Sublimadora Textil &#8211; NB HPC 60&#215;40 cm"},"content":{"rendered":"<ul>\n<li>Tecla de encendido<\/li>\n<li>Palanca<\/li>\n<li>Panel digital<\/li>\n<li>Programador de tiempo y temperatura<\/li>\n<li>Ajuste de presi\u00f3n: puede llevarse a cabo cuando la m\u00e1quina est\u00e1 abierta. Se realiza por medio de una perilla localizada arriba del brazo de la plancha.<\/li>\n<\/ul>\n<p>Peso 35,00 kg<br \/>\nDimensiones 70 \u00d7 70 \u00d7 41 cm<\/p>\n<p>&nbsp;<\/p>\n","protected":false},"excerpt":{"rendered":"<p>Tecla de encendido Palanca Panel digital Programador de tiempo y temperatura Ajuste de presi\u00f3n: puede llevarse a cabo cuando la<\/p>\n","protected":false},"featured_media":7922,"template":"","meta":[],"product_brand":[],"product_cat":[275,274],"product_tag":[],"class_list":{"0":"post-7921","1":"product","2":"type-product","3":"status-publish","4":"has-post-thumbnail","6":"product_cat-estampadoras","7":"product_cat-maquinas","8":"pa_marca-nicobuttons","10":"first","11":"instock","12":"shipping-taxable","13":"product-type-simple"},"tiered_pricing_type":"fixed","tiered_pricing_fixed_rules":[],"tiered_pricing_product_settings":{"layout":"default","base_unit_name":{"singular":null,"plural":null},"default_variation":null},"tiered_pricing_minimum_quantity":null,"tiered_pricing_roles_data":[],"tiered_pricing_percentage_rules":[],"_links":{"self":[{"href":"https:\/\/visualinsumos.com.ar\/site\/wp-json\/wp\/v2\/product\/7921","targetHints":{"allow":["GET"]}}],"collection":[{"href":"https:\/\/visualinsumos.com.ar\/site\/wp-json\/wp\/v2\/product"}],"about":[{"href":"https:\/\/visualinsumos.com.ar\/site\/wp-json\/wp\/v2\/types\/product"}],"wp:featuredmedia":[{"embeddable":true,"href":"https:\/\/visualinsumos.com.ar\/site\/wp-json\/wp\/v2\/media\/7922"}],"wp:attachment":[{"href":"https:\/\/visualinsumos.com.ar\/site\/wp-json\/wp\/v2\/media?parent=7921"}],"wp:term":[{"taxonomy":"product_brand","embeddable":true,"href":"https:\/\/visualinsumos.com.ar\/site\/wp-json\/wp\/v2\/product_brand?post=7921"},{"taxonomy":"product_cat","embeddable":true,"href":"https:\/\/visualinsumos.com.ar\/site\/wp-json\/wp\/v2\/product_cat?post=7921"},{"taxonomy":"product_tag","embeddable":true,"href":"https:\/\/visualinsumos.com.ar\/site\/wp-json\/wp\/v2\/product_tag?post=7921"}],"curies":[{"name":"wp","href":"https:\/\/api.w.org\/{rel}","templated":true}]}}