{"id":8069,"date":"2022-09-22T16:38:53","date_gmt":"2022-09-22T19:38:53","guid":{"rendered":"https:\/\/visualinsumos.com.ar\/site\/?post_type=product&#038;p=8069"},"modified":"2022-09-22T16:38:55","modified_gmt":"2022-09-22T19:38:55","slug":"serie-m-a-palanca-base-metalica-320mm-a4","status":"publish","type":"product","link":"https:\/\/visualinsumos.com.ar\/site\/producto\/serie-m-a-palanca-base-metalica-320mm-a4\/","title":{"rendered":"Serie M A palanca base met\u00e1lica 320mm A4"},"content":{"rendered":"<p>Cuchillas de acero cementado rectificadas autoafilables.<br \/>\nBase met\u00e1lica serigrafiada con formatos de corte DIN. \u00b7<br \/>\nIncluye escuadra tope lateral magn\u00e9tica para trabajos continuos.<br \/>\nPrensa papel autom\u00e1tico de m\u00e1xima precisi\u00f3n milim\u00e9trica en trabajos de tarjeter\u00eda y terminaciones finas.<br \/>\nSistema de fijaci\u00f3n de cuchillas por resorte.<br \/>\nCorta todo tipo de papel y derivados, cuerinas y gomas finas, etc<\/p>\n","protected":false},"excerpt":{"rendered":"<p>Cuchillas de acero cementado rectificadas autoafilables. Base met\u00e1lica serigrafiada con formatos de corte DIN. \u00b7 Incluye escuadra tope lateral magn\u00e9tica<\/p>\n","protected":false},"featured_media":8072,"template":"","meta":[],"product_brand":[],"product_cat":[294],"product_tag":[],"class_list":{"0":"post-8069","1":"product","2":"type-product","3":"status-publish","4":"has-post-thumbnail","6":"product_cat-herramientas-y-accesorios","7":"pa_marca-dasa","9":"first","10":"instock","11":"shipping-taxable","12":"product-type-simple"},"tiered_pricing_type":"fixed","tiered_pricing_fixed_rules":[],"tiered_pricing_product_settings":{"layout":"default","base_unit_name":{"singular":null,"plural":null},"default_variation":null},"tiered_pricing_minimum_quantity":null,"tiered_pricing_roles_data":[],"tiered_pricing_percentage_rules":[],"_links":{"self":[{"href":"https:\/\/visualinsumos.com.ar\/site\/wp-json\/wp\/v2\/product\/8069","targetHints":{"allow":["GET"]}}],"collection":[{"href":"https:\/\/visualinsumos.com.ar\/site\/wp-json\/wp\/v2\/product"}],"about":[{"href":"https:\/\/visualinsumos.com.ar\/site\/wp-json\/wp\/v2\/types\/product"}],"wp:featuredmedia":[{"embeddable":true,"href":"https:\/\/visualinsumos.com.ar\/site\/wp-json\/wp\/v2\/media\/8072"}],"wp:attachment":[{"href":"https:\/\/visualinsumos.com.ar\/site\/wp-json\/wp\/v2\/media?parent=8069"}],"wp:term":[{"taxonomy":"product_brand","embeddable":true,"href":"https:\/\/visualinsumos.com.ar\/site\/wp-json\/wp\/v2\/product_brand?post=8069"},{"taxonomy":"product_cat","embeddable":true,"href":"https:\/\/visualinsumos.com.ar\/site\/wp-json\/wp\/v2\/product_cat?post=8069"},{"taxonomy":"product_tag","embeddable":true,"href":"https:\/\/visualinsumos.com.ar\/site\/wp-json\/wp\/v2\/product_tag?post=8069"}],"curies":[{"name":"wp","href":"https:\/\/api.w.org\/{rel}","templated":true}]}}