{"id":9319,"date":"2023-01-18T22:40:31","date_gmt":"2023-01-19T01:40:31","guid":{"rendered":"https:\/\/visualinsumos.com.ar\/site\/?post_type=product&#038;p=9319"},"modified":"2023-01-20T20:13:57","modified_gmt":"2023-01-20T23:13:57","slug":"tapa-para-alcancia-polymer","status":"publish","type":"product","link":"https:\/\/visualinsumos.com.ar\/site\/producto\/tapa-para-alcancia-polymer\/","title":{"rendered":"Tapa para alcancia polymer"},"content":{"rendered":"<p>Dimensiones: 8 cm de di\u00e1metro (coincidente con el lapicero)<\/p>\n<p>Espesor: 3 mm<\/p>\n<p>Color: Negro<\/p>\n<p>Tapa con ranura para poder introducir el dinero.<\/p>\n<p>Superficie brillante, colores n\u00edtidos y calidad fotogr\u00e1fica. Material de alta resistencia a los golpes y el maltrato.<br \/>\nLas im\u00e1genes resisten las rayaduras y el lavaplatos ya que el pigmento de sublimaci\u00f3n se fija qu\u00edmicamente<\/p>\n","protected":false},"excerpt":{"rendered":"<p>Dimensiones: 8 cm de di\u00e1metro (coincidente con el lapicero) Espesor: 3 mm Color: Negro Tapa con ranura para poder introducir<\/p>\n","protected":false},"featured_media":9356,"template":"","meta":[],"product_brand":[],"product_cat":[381,257],"product_tag":[],"class_list":{"0":"post-9319","1":"product","2":"type-product","3":"status-publish","4":"has-post-thumbnail","6":"product_cat-jarros-mates-y-vasos","7":"product_cat-polymer","8":"pa_marca-polymer","10":"first","11":"instock","12":"shipping-taxable","13":"product-type-simple"},"tiered_pricing_type":"fixed","tiered_pricing_fixed_rules":[],"tiered_pricing_product_settings":{"layout":"default","base_unit_name":{"singular":null,"plural":null},"default_variation":null},"tiered_pricing_minimum_quantity":null,"tiered_pricing_roles_data":[],"tiered_pricing_percentage_rules":[],"_links":{"self":[{"href":"https:\/\/visualinsumos.com.ar\/site\/wp-json\/wp\/v2\/product\/9319","targetHints":{"allow":["GET"]}}],"collection":[{"href":"https:\/\/visualinsumos.com.ar\/site\/wp-json\/wp\/v2\/product"}],"about":[{"href":"https:\/\/visualinsumos.com.ar\/site\/wp-json\/wp\/v2\/types\/product"}],"wp:featuredmedia":[{"embeddable":true,"href":"https:\/\/visualinsumos.com.ar\/site\/wp-json\/wp\/v2\/media\/9356"}],"wp:attachment":[{"href":"https:\/\/visualinsumos.com.ar\/site\/wp-json\/wp\/v2\/media?parent=9319"}],"wp:term":[{"taxonomy":"product_brand","embeddable":true,"href":"https:\/\/visualinsumos.com.ar\/site\/wp-json\/wp\/v2\/product_brand?post=9319"},{"taxonomy":"product_cat","embeddable":true,"href":"https:\/\/visualinsumos.com.ar\/site\/wp-json\/wp\/v2\/product_cat?post=9319"},{"taxonomy":"product_tag","embeddable":true,"href":"https:\/\/visualinsumos.com.ar\/site\/wp-json\/wp\/v2\/product_tag?post=9319"}],"curies":[{"name":"wp","href":"https:\/\/api.w.org\/{rel}","templated":true}]}}