{"id":9320,"date":"2023-01-18T22:40:44","date_gmt":"2023-01-19T01:40:44","guid":{"rendered":"https:\/\/visualinsumos.com.ar\/site\/?post_type=product&#038;p=9320"},"modified":"2023-01-20T20:12:29","modified_gmt":"2023-01-20T23:12:29","slug":"jarro-polymer-con-pico-anti-vuelco-animal-rosa","status":"publish","type":"product","link":"https:\/\/visualinsumos.com.ar\/site\/producto\/jarro-polymer-con-pico-anti-vuelco-animal-rosa\/","title":{"rendered":"Jarro polymer con pico anti vuelco animal celeste"},"content":{"rendered":"<p>Vaso con Pico antivuelco.<\/p>\n<p>Dimensiones: 13,5 cm de alto x 8 cm de di\u00e1metro<\/p>\n<p>Capacidad: 400cc<\/p>\n<p>Espesor: 3 mm<\/p>\n<p>Color: Blanco , Tapa Celeste<\/p>\n<p>Temperatura y tiempo de sublimaci\u00f3n: 180\u00ba 180 segundos<\/p>\n<p>\u00c1rea de estampado: 21 cm x 9,5 cm<\/p>\n<p>Superficie brillante, colores n\u00edtidos y calidad fotogr\u00e1fica. Material de alta resistencia a los golpes y el maltrato.<br \/>\nLas im\u00e1genes resisten las rayaduras y el lavaplatos ya que el pigmento de sublimaci\u00f3n se fija qu\u00edmicamente.<\/p>\n","protected":false},"excerpt":{"rendered":"<p>Vaso con Pico antivuelco. Dimensiones: 13,5 cm de alto x 8 cm de di\u00e1metro Capacidad: 400cc Espesor: 3 mm Color:<\/p>\n","protected":false},"featured_media":9355,"template":"","meta":[],"product_brand":[],"product_cat":[381,257],"product_tag":[],"class_list":{"0":"post-9320","1":"product","2":"type-product","3":"status-publish","4":"has-post-thumbnail","6":"product_cat-jarros-mates-y-vasos","7":"product_cat-polymer","8":"pa_marca-polymer","10":"first","11":"instock","12":"shipping-taxable","13":"product-type-simple"},"tiered_pricing_type":"fixed","tiered_pricing_fixed_rules":[],"tiered_pricing_product_settings":{"layout":"default","base_unit_name":{"singular":null,"plural":null},"default_variation":null},"tiered_pricing_minimum_quantity":null,"tiered_pricing_roles_data":[],"tiered_pricing_percentage_rules":[],"_links":{"self":[{"href":"https:\/\/visualinsumos.com.ar\/site\/wp-json\/wp\/v2\/product\/9320","targetHints":{"allow":["GET"]}}],"collection":[{"href":"https:\/\/visualinsumos.com.ar\/site\/wp-json\/wp\/v2\/product"}],"about":[{"href":"https:\/\/visualinsumos.com.ar\/site\/wp-json\/wp\/v2\/types\/product"}],"wp:featuredmedia":[{"embeddable":true,"href":"https:\/\/visualinsumos.com.ar\/site\/wp-json\/wp\/v2\/media\/9355"}],"wp:attachment":[{"href":"https:\/\/visualinsumos.com.ar\/site\/wp-json\/wp\/v2\/media?parent=9320"}],"wp:term":[{"taxonomy":"product_brand","embeddable":true,"href":"https:\/\/visualinsumos.com.ar\/site\/wp-json\/wp\/v2\/product_brand?post=9320"},{"taxonomy":"product_cat","embeddable":true,"href":"https:\/\/visualinsumos.com.ar\/site\/wp-json\/wp\/v2\/product_cat?post=9320"},{"taxonomy":"product_tag","embeddable":true,"href":"https:\/\/visualinsumos.com.ar\/site\/wp-json\/wp\/v2\/product_tag?post=9320"}],"curies":[{"name":"wp","href":"https:\/\/api.w.org\/{rel}","templated":true}]}}