{"id":9321,"date":"2023-01-18T22:40:50","date_gmt":"2023-01-19T01:40:50","guid":{"rendered":"https:\/\/visualinsumos.com.ar\/site\/?post_type=product&#038;p=9321"},"modified":"2023-01-20T20:10:54","modified_gmt":"2023-01-20T23:10:54","slug":"jarro-polymer-con-pico-anti-vuelco-animal-negro","status":"publish","type":"product","link":"https:\/\/visualinsumos.com.ar\/site\/producto\/jarro-polymer-con-pico-anti-vuelco-animal-negro\/","title":{"rendered":"Jarro polymer con pico anti vuelco animal negro"},"content":{"rendered":"<p>Vaso con Pico antivuelco.<\/p>\n<p><strong>Dimensiones:<\/strong>\u00a013,5 cm de alto x 8 cm de di\u00e1metro<\/p>\n<p><strong>Capacidad: 400cc<\/strong><\/p>\n<p><strong>Espesor:<\/strong>\u00a03 mm<\/p>\n<p><strong>Color:<\/strong>\u00a0Blanco , Tapa Negra<\/p>\n<p><strong>Temperatura y tiempo de sublimaci\u00f3n:<\/strong>\u00a0180\u00ba 180 segundos<\/p>\n<p><strong>\u00c1rea de estampado: 21 cm x 9,5 cm<\/strong><\/p>\n<p>Superficie brillante, colores n\u00edtidos y calidad fotogr\u00e1fica. Material de alta resistencia a los golpes y el maltrato.<br \/>\nLas im\u00e1genes resisten las rayaduras y el lavaplatos ya que el pigmento de sublimaci\u00f3n se fija qu\u00edmicamente.<\/p>\n","protected":false},"excerpt":{"rendered":"<p>Vaso con Pico antivuelco. Dimensiones:\u00a013,5 cm de alto x 8 cm de di\u00e1metro Capacidad: 400cc Espesor:\u00a03 mm Color:\u00a0Blanco , Tapa<\/p>\n","protected":false},"featured_media":9353,"template":"","meta":[],"product_brand":[],"product_cat":[381,257],"product_tag":[],"class_list":{"0":"post-9321","1":"product","2":"type-product","3":"status-publish","4":"has-post-thumbnail","6":"product_cat-jarros-mates-y-vasos","7":"product_cat-polymer","8":"pa_marca-polymer","10":"first","11":"instock","12":"shipping-taxable","13":"product-type-simple"},"tiered_pricing_type":"fixed","tiered_pricing_fixed_rules":[],"tiered_pricing_product_settings":{"layout":"default","base_unit_name":{"singular":null,"plural":null},"default_variation":null},"tiered_pricing_minimum_quantity":null,"tiered_pricing_roles_data":[],"tiered_pricing_percentage_rules":[],"_links":{"self":[{"href":"https:\/\/visualinsumos.com.ar\/site\/wp-json\/wp\/v2\/product\/9321","targetHints":{"allow":["GET"]}}],"collection":[{"href":"https:\/\/visualinsumos.com.ar\/site\/wp-json\/wp\/v2\/product"}],"about":[{"href":"https:\/\/visualinsumos.com.ar\/site\/wp-json\/wp\/v2\/types\/product"}],"wp:featuredmedia":[{"embeddable":true,"href":"https:\/\/visualinsumos.com.ar\/site\/wp-json\/wp\/v2\/media\/9353"}],"wp:attachment":[{"href":"https:\/\/visualinsumos.com.ar\/site\/wp-json\/wp\/v2\/media?parent=9321"}],"wp:term":[{"taxonomy":"product_brand","embeddable":true,"href":"https:\/\/visualinsumos.com.ar\/site\/wp-json\/wp\/v2\/product_brand?post=9321"},{"taxonomy":"product_cat","embeddable":true,"href":"https:\/\/visualinsumos.com.ar\/site\/wp-json\/wp\/v2\/product_cat?post=9321"},{"taxonomy":"product_tag","embeddable":true,"href":"https:\/\/visualinsumos.com.ar\/site\/wp-json\/wp\/v2\/product_tag?post=9321"}],"curies":[{"name":"wp","href":"https:\/\/api.w.org\/{rel}","templated":true}]}}