{"id":9338,"date":"2023-01-19T00:36:58","date_gmt":"2023-01-19T03:36:58","guid":{"rendered":"https:\/\/visualinsumos.com.ar\/site\/?post_type=product&#038;p=9338"},"modified":"2023-01-20T20:03:47","modified_gmt":"2023-01-20T23:03:47","slug":"vaso-conico-polymer","status":"publish","type":"product","link":"https:\/\/visualinsumos.com.ar\/site\/producto\/vaso-conico-polymer\/","title":{"rendered":"Vaso c\u00f3nico Polymer"},"content":{"rendered":"<p>Dimensiones: 9 cm de alto x 8 cm de di\u00e1metro<\/p>\n<p>Capacidad: 350cc<\/p>\n<p>Espesor: 4 mm<\/p>\n<p>Color: Blanco<\/p>\n<p>Temperatura y tiempo de sublimaci\u00f3n: 180\u00ba 180 segundos<\/p>\n<p>\u00c1rea de estampado: 20 cm x 9 cm<\/p>\n<p>Superficie brillante, colores n\u00edtidos y calidad fotogr\u00e1fica. Material de alta resistencia a los golpes y el maltrato.<br \/>\nLas im\u00e1genes resisten las rayaduras y el lavaplatos ya que el pigmento de sublimaci\u00f3n se fija qu\u00edmicamente.<\/p>\n","protected":false},"excerpt":{"rendered":"<p>Dimensiones: 9 cm de alto x 8 cm de di\u00e1metro Capacidad: 350cc Espesor: 4 mm Color: Blanco Temperatura y tiempo<\/p>\n","protected":false},"featured_media":9348,"template":"","meta":[],"product_brand":[],"product_cat":[381,257],"product_tag":[],"class_list":{"0":"post-9338","1":"product","2":"type-product","3":"status-publish","4":"has-post-thumbnail","6":"product_cat-jarros-mates-y-vasos","7":"product_cat-polymer","8":"pa_marca-polymer","10":"first","11":"instock","12":"shipping-taxable","13":"product-type-simple"},"tiered_pricing_type":"fixed","tiered_pricing_fixed_rules":[],"tiered_pricing_product_settings":{"layout":"default","base_unit_name":{"singular":null,"plural":null},"default_variation":null},"tiered_pricing_minimum_quantity":null,"tiered_pricing_roles_data":[],"tiered_pricing_percentage_rules":[],"_links":{"self":[{"href":"https:\/\/visualinsumos.com.ar\/site\/wp-json\/wp\/v2\/product\/9338","targetHints":{"allow":["GET"]}}],"collection":[{"href":"https:\/\/visualinsumos.com.ar\/site\/wp-json\/wp\/v2\/product"}],"about":[{"href":"https:\/\/visualinsumos.com.ar\/site\/wp-json\/wp\/v2\/types\/product"}],"wp:featuredmedia":[{"embeddable":true,"href":"https:\/\/visualinsumos.com.ar\/site\/wp-json\/wp\/v2\/media\/9348"}],"wp:attachment":[{"href":"https:\/\/visualinsumos.com.ar\/site\/wp-json\/wp\/v2\/media?parent=9338"}],"wp:term":[{"taxonomy":"product_brand","embeddable":true,"href":"https:\/\/visualinsumos.com.ar\/site\/wp-json\/wp\/v2\/product_brand?post=9338"},{"taxonomy":"product_cat","embeddable":true,"href":"https:\/\/visualinsumos.com.ar\/site\/wp-json\/wp\/v2\/product_cat?post=9338"},{"taxonomy":"product_tag","embeddable":true,"href":"https:\/\/visualinsumos.com.ar\/site\/wp-json\/wp\/v2\/product_tag?post=9338"}],"curies":[{"name":"wp","href":"https:\/\/api.w.org\/{rel}","templated":true}]}}