{"id":9395,"date":"2023-01-20T20:35:50","date_gmt":"2023-01-20T23:35:50","guid":{"rendered":"https:\/\/visualinsumos.com.ar\/site\/?post_type=product&#038;p=9395"},"modified":"2023-01-20T20:38:48","modified_gmt":"2023-01-20T23:38:48","slug":"credencial-lisa","status":"publish","type":"product","link":"https:\/\/visualinsumos.com.ar\/site\/producto\/credencial-lisa\/","title":{"rendered":"Credencial Lisa"},"content":{"rendered":"<p>Medidas: 85 mm x 55 mm<\/p>\n<p>Terminaci\u00f3n: brillante<\/p>\n<p>Espesor: 3 mm<\/p>\n<p>Color: Blanco<\/p>\n<p>Temperatura y tiempo de sublimaci\u00f3n: 180\u00ba 90 segundos<\/p>\n<p>Superficie brillante, colores n\u00edtidos y calidad fotogr\u00e1fica. Material de alta resistencia a los golpes y el maltrato.<br \/>\nLas im\u00e1genes resisten las rayaduras y el lavaplatos ya que el pigmento de sublimaci\u00f3n se fija qu\u00edmicamente<\/p>\n","protected":false},"excerpt":{"rendered":"<p>Medidas: 85 mm x 55 mm Terminaci\u00f3n: brillante Espesor: 3 mm Color: Blanco Temperatura y tiempo de sublimaci\u00f3n: 180\u00ba 90<\/p>\n","protected":false},"featured_media":9396,"template":"","meta":[],"product_brand":[],"product_cat":[383,257],"product_tag":[],"class_list":{"0":"post-9395","1":"product","2":"type-product","3":"status-publish","4":"has-post-thumbnail","6":"product_cat-linea-f","7":"product_cat-polymer","8":"pa_marca-polymer","10":"first","11":"instock","12":"shipping-taxable","13":"product-type-simple"},"tiered_pricing_type":"fixed","tiered_pricing_fixed_rules":[],"tiered_pricing_product_settings":{"layout":"default","base_unit_name":{"singular":null,"plural":null},"default_variation":null},"tiered_pricing_minimum_quantity":null,"tiered_pricing_roles_data":[],"tiered_pricing_percentage_rules":[],"_links":{"self":[{"href":"https:\/\/visualinsumos.com.ar\/site\/wp-json\/wp\/v2\/product\/9395","targetHints":{"allow":["GET"]}}],"collection":[{"href":"https:\/\/visualinsumos.com.ar\/site\/wp-json\/wp\/v2\/product"}],"about":[{"href":"https:\/\/visualinsumos.com.ar\/site\/wp-json\/wp\/v2\/types\/product"}],"wp:featuredmedia":[{"embeddable":true,"href":"https:\/\/visualinsumos.com.ar\/site\/wp-json\/wp\/v2\/media\/9396"}],"wp:attachment":[{"href":"https:\/\/visualinsumos.com.ar\/site\/wp-json\/wp\/v2\/media?parent=9395"}],"wp:term":[{"taxonomy":"product_brand","embeddable":true,"href":"https:\/\/visualinsumos.com.ar\/site\/wp-json\/wp\/v2\/product_brand?post=9395"},{"taxonomy":"product_cat","embeddable":true,"href":"https:\/\/visualinsumos.com.ar\/site\/wp-json\/wp\/v2\/product_cat?post=9395"},{"taxonomy":"product_tag","embeddable":true,"href":"https:\/\/visualinsumos.com.ar\/site\/wp-json\/wp\/v2\/product_tag?post=9395"}],"curies":[{"name":"wp","href":"https:\/\/api.w.org\/{rel}","templated":true}]}}