{"id":9416,"date":"2023-01-20T20:57:47","date_gmt":"2023-01-20T23:57:47","guid":{"rendered":"https:\/\/visualinsumos.com.ar\/site\/?post_type=product&#038;p=9416"},"modified":"2023-01-20T21:02:35","modified_gmt":"2023-01-21T00:02:35","slug":"llavero-rectangular-brillante-linea-f","status":"publish","type":"product","link":"https:\/\/visualinsumos.com.ar\/site\/producto\/llavero-rectangular-brillante-linea-f\/","title":{"rendered":"Llavero Rectangular Brillante &#8211; L\u00ednea F"},"content":{"rendered":"<p>Medidas: 35 mm x 50 mm<\/p>\n<p>Terminaci\u00f3n: brillante<\/p>\n<p>Espesor: 3 mm<\/p>\n<p>Color: Blanco<\/p>\n<p>Incluye arandela<\/p>\n<p>Temperatura y tiempo de sublimaci\u00f3n: 180\u00ba 90 segundos<\/p>\n<p>Superficie brillante, colores n\u00edtidos y calidad fotogr\u00e1fica. Material de alta resistencia a los golpes y el maltrato.<br \/>\nLas im\u00e1genes resisten las rayaduras y el lavaplatos ya que el pigmento de sublimaci\u00f3n se fija qu\u00edmicamente.<\/p>\n","protected":false},"excerpt":{"rendered":"<p>Medidas: 35 mm x 50 mm Terminaci\u00f3n: brillante Espesor: 3 mm Color: Blanco Incluye arandela Temperatura y tiempo de sublimaci\u00f3n:<\/p>\n","protected":false},"featured_media":9406,"template":"","meta":[],"product_brand":[],"product_cat":[383,257],"product_tag":[],"class_list":{"0":"post-9416","1":"product","2":"type-product","3":"status-publish","4":"has-post-thumbnail","6":"product_cat-linea-f","7":"product_cat-polymer","8":"pa_marca-polymer","10":"first","11":"instock","12":"shipping-taxable","13":"product-type-simple"},"tiered_pricing_type":"fixed","tiered_pricing_fixed_rules":[],"tiered_pricing_product_settings":{"layout":"default","base_unit_name":{"singular":null,"plural":null},"default_variation":null},"tiered_pricing_minimum_quantity":null,"tiered_pricing_roles_data":[],"tiered_pricing_percentage_rules":[],"_links":{"self":[{"href":"https:\/\/visualinsumos.com.ar\/site\/wp-json\/wp\/v2\/product\/9416","targetHints":{"allow":["GET"]}}],"collection":[{"href":"https:\/\/visualinsumos.com.ar\/site\/wp-json\/wp\/v2\/product"}],"about":[{"href":"https:\/\/visualinsumos.com.ar\/site\/wp-json\/wp\/v2\/types\/product"}],"wp:featuredmedia":[{"embeddable":true,"href":"https:\/\/visualinsumos.com.ar\/site\/wp-json\/wp\/v2\/media\/9406"}],"wp:attachment":[{"href":"https:\/\/visualinsumos.com.ar\/site\/wp-json\/wp\/v2\/media?parent=9416"}],"wp:term":[{"taxonomy":"product_brand","embeddable":true,"href":"https:\/\/visualinsumos.com.ar\/site\/wp-json\/wp\/v2\/product_brand?post=9416"},{"taxonomy":"product_cat","embeddable":true,"href":"https:\/\/visualinsumos.com.ar\/site\/wp-json\/wp\/v2\/product_cat?post=9416"},{"taxonomy":"product_tag","embeddable":true,"href":"https:\/\/visualinsumos.com.ar\/site\/wp-json\/wp\/v2\/product_tag?post=9416"}],"curies":[{"name":"wp","href":"https:\/\/api.w.org\/{rel}","templated":true}]}}