{"id":9426,"date":"2023-01-20T21:33:11","date_gmt":"2023-01-21T00:33:11","guid":{"rendered":"https:\/\/visualinsumos.com.ar\/site\/?post_type=product&#038;p=9426"},"modified":"2023-01-20T21:35:40","modified_gmt":"2023-01-21T00:35:40","slug":"tapa-de-cenicero","status":"publish","type":"product","link":"https:\/\/visualinsumos.com.ar\/site\/producto\/tapa-de-cenicero\/","title":{"rendered":"Tapa de cenicero"},"content":{"rendered":"<p>La tapa coincide con la \u00abcazuelita\u00bb (los productos se venden por separado)<\/p>\n<p>Dimensiones: 9.5cm de diametro x 1cm de alto<\/p>\n<p>Color: Blanco<\/p>\n<p>Temperatura y tiempo de sublimaci\u00f3n: 180\u00ba 180 segundos<\/p>\n<p>Superficie brillante, colores n\u00edtidos y calidad fotogr\u00e1fica. Material de alta resistencia a los golpes y el maltrato.<br \/>\nLas im\u00e1genes resisten las rayaduras y el lavaplatos ya que el pigmento de sublimaci\u00f3n se fija qu\u00edmicamente.<\/p>\n","protected":false},"excerpt":{"rendered":"<p>La tapa coincide con la \u00abcazuelita\u00bb (los productos se venden por separado) Dimensiones: 9.5cm de diametro x 1cm de alto<\/p>\n","protected":false},"featured_media":9439,"template":"","meta":[],"product_brand":[],"product_cat":[385,257],"product_tag":[],"class_list":{"0":"post-9426","1":"product","2":"type-product","3":"status-publish","4":"has-post-thumbnail","6":"product_cat-otros-productos","7":"product_cat-polymer","8":"pa_marca-polymer","10":"first","11":"instock","12":"shipping-taxable","13":"product-type-simple"},"tiered_pricing_type":"fixed","tiered_pricing_fixed_rules":[],"tiered_pricing_product_settings":{"layout":"default","base_unit_name":{"singular":null,"plural":null},"default_variation":null},"tiered_pricing_minimum_quantity":null,"tiered_pricing_roles_data":[],"tiered_pricing_percentage_rules":[],"_links":{"self":[{"href":"https:\/\/visualinsumos.com.ar\/site\/wp-json\/wp\/v2\/product\/9426","targetHints":{"allow":["GET"]}}],"collection":[{"href":"https:\/\/visualinsumos.com.ar\/site\/wp-json\/wp\/v2\/product"}],"about":[{"href":"https:\/\/visualinsumos.com.ar\/site\/wp-json\/wp\/v2\/types\/product"}],"wp:featuredmedia":[{"embeddable":true,"href":"https:\/\/visualinsumos.com.ar\/site\/wp-json\/wp\/v2\/media\/9439"}],"wp:attachment":[{"href":"https:\/\/visualinsumos.com.ar\/site\/wp-json\/wp\/v2\/media?parent=9426"}],"wp:term":[{"taxonomy":"product_brand","embeddable":true,"href":"https:\/\/visualinsumos.com.ar\/site\/wp-json\/wp\/v2\/product_brand?post=9426"},{"taxonomy":"product_cat","embeddable":true,"href":"https:\/\/visualinsumos.com.ar\/site\/wp-json\/wp\/v2\/product_cat?post=9426"},{"taxonomy":"product_tag","embeddable":true,"href":"https:\/\/visualinsumos.com.ar\/site\/wp-json\/wp\/v2\/product_tag?post=9426"}],"curies":[{"name":"wp","href":"https:\/\/api.w.org\/{rel}","templated":true}]}}