{"id":9427,"date":"2023-01-20T21:33:12","date_gmt":"2023-01-21T00:33:12","guid":{"rendered":"https:\/\/visualinsumos.com.ar\/site\/?post_type=product&#038;p=9427"},"modified":"2023-01-20T21:36:35","modified_gmt":"2023-01-21T00:36:35","slug":"tenedor-blanco-polymer","status":"publish","type":"product","link":"https:\/\/visualinsumos.com.ar\/site\/producto\/tenedor-blanco-polymer\/","title":{"rendered":"Tenedor Blanco Polymer"},"content":{"rendered":"<p>Dimensiones: 13,5 cm de largo<\/p>\n<p>Espesor : 2-4 mm<\/p>\n<p>Color: Blanco<\/p>\n<p>Temperatura y tiempo de sublimaci\u00f3n: 180\u00b0 120 seg<\/p>\n<p>\u00c1rea de estampado: 7.5 cm (ambos lados)<\/p>\n<p>Superficie brillante, colores n\u00edtidos y calidad fotogr\u00e1fica. Material de alta resistencia a los golpes y el maltrato.<br \/>\nLas im\u00e1genes resisten las rayaduras y el lavaplatos ya que el pigmento de sublimaci\u00f3n se fija qu\u00edmicamente<\/p>\n","protected":false},"excerpt":{"rendered":"<p>Dimensiones: 13,5 cm de largo Espesor : 2-4 mm Color: Blanco Temperatura y tiempo de sublimaci\u00f3n: 180\u00b0 120 seg \u00c1rea<\/p>\n","protected":false},"featured_media":9440,"template":"","meta":[],"product_brand":[],"product_cat":[385,257],"product_tag":[],"class_list":{"0":"post-9427","1":"product","2":"type-product","3":"status-publish","4":"has-post-thumbnail","6":"product_cat-otros-productos","7":"product_cat-polymer","8":"pa_marca-polymer","10":"first","11":"instock","12":"shipping-taxable","13":"product-type-simple"},"tiered_pricing_type":"fixed","tiered_pricing_fixed_rules":[],"tiered_pricing_product_settings":{"layout":"default","base_unit_name":{"singular":null,"plural":null},"default_variation":null},"tiered_pricing_minimum_quantity":null,"tiered_pricing_roles_data":[],"tiered_pricing_percentage_rules":[],"_links":{"self":[{"href":"https:\/\/visualinsumos.com.ar\/site\/wp-json\/wp\/v2\/product\/9427","targetHints":{"allow":["GET"]}}],"collection":[{"href":"https:\/\/visualinsumos.com.ar\/site\/wp-json\/wp\/v2\/product"}],"about":[{"href":"https:\/\/visualinsumos.com.ar\/site\/wp-json\/wp\/v2\/types\/product"}],"wp:featuredmedia":[{"embeddable":true,"href":"https:\/\/visualinsumos.com.ar\/site\/wp-json\/wp\/v2\/media\/9440"}],"wp:attachment":[{"href":"https:\/\/visualinsumos.com.ar\/site\/wp-json\/wp\/v2\/media?parent=9427"}],"wp:term":[{"taxonomy":"product_brand","embeddable":true,"href":"https:\/\/visualinsumos.com.ar\/site\/wp-json\/wp\/v2\/product_brand?post=9427"},{"taxonomy":"product_cat","embeddable":true,"href":"https:\/\/visualinsumos.com.ar\/site\/wp-json\/wp\/v2\/product_cat?post=9427"},{"taxonomy":"product_tag","embeddable":true,"href":"https:\/\/visualinsumos.com.ar\/site\/wp-json\/wp\/v2\/product_tag?post=9427"}],"curies":[{"name":"wp","href":"https:\/\/api.w.org\/{rel}","templated":true}]}}