{"id":9555,"date":"2023-01-27T16:36:05","date_gmt":"2023-01-27T19:36:05","guid":{"rendered":"https:\/\/visualinsumos.com.ar\/site\/?post_type=product&#038;p=9555"},"modified":"2024-06-26T16:58:30","modified_gmt":"2024-06-26T19:58:30","slug":"combo-fabricacion-pins-duo-maquina-c-matriz-214-o-56mm-matriz-1p-insumos-prendedor-56mm-y-25m-x250","status":"publish","type":"product","link":"https:\/\/visualinsumos.com.ar\/site\/producto\/combo-fabricacion-pins-duo-maquina-c-matriz-214-o-56mm-matriz-1p-insumos-prendedor-56mm-y-25m-x250\/","title":{"rendered":"M\u00e1quina para armar Pins con Matriz 56mm"},"content":{"rendered":"<p>DESCRIPCI\u00d3N<br \/>\nCOMBO M\u00c1QUINA PARA ARMAR BOTONES CON MATRIZ DE 21\/4\u2033 o 56mm DE DI\u00c1METRO + PINES PRENDEDOR<\/p>\n<p>Esta m\u00e1quina fabricante de botones \/ pines puede armar botones personalizados para tus eventos, souvenirs, accesorios o merchandising.<\/p>\n<p>Somos fabricantes y nuestro dise\u00f1o se desarrolla con materiales de alta calidad para manejar alta producci\u00f3n, durabilidad y un mantenimiento m\u00ednimo. El cuerpo es de aluminio macizo y los marices de acero.<\/p>\n<p>2 1\/4 pulgadas equivale a 56mm.<br \/>\nProduce hasta 200 botones por hora.<br \/>\nTenemos diferentes tama\u00f1os de matrices redondas que son adecuadas para esta m\u00e1quina con el mismo cuerpo de la m\u00e1quina. Las mismas son intercambiables.<\/p>\n<p>&nbsp;<\/p>\n<p>El combo incluye:<\/p>\n<p>M\u00e1quina MAB2010 con matriz de 2 1\/4 \u00f3 56mm<br \/>\nTabla de corte y cortadores circulares correspondientes a cada medida.<br \/>\nInsumos prendedor x 50 unidades 56mm<\/p>\n","protected":false},"excerpt":{"rendered":"<p>DESCRIPCI\u00d3N COMBO M\u00c1QUINA PARA ARMAR BOTONES CON MATRIZ DE 21\/4\u2033 o 56mm DE DI\u00c1METRO + PINES PRENDEDOR Esta m\u00e1quina fabricante<\/p>\n","protected":false},"featured_media":9545,"template":"","meta":[],"product_brand":[],"product_cat":[402,403],"product_tag":[],"class_list":{"0":"post-9555","1":"product","2":"type-product","3":"status-publish","4":"has-post-thumbnail","6":"product_cat-botones-pines","7":"product_cat-maquinas-botones-pines","8":"pa_marca-nicobuttons","10":"first","11":"instock","12":"shipping-taxable","13":"product-type-simple"},"tiered_pricing_type":"fixed","tiered_pricing_fixed_rules":[],"tiered_pricing_product_settings":{"layout":"default","base_unit_name":{"singular":null,"plural":null},"default_variation":null},"tiered_pricing_minimum_quantity":null,"tiered_pricing_roles_data":[],"tiered_pricing_percentage_rules":[],"_links":{"self":[{"href":"https:\/\/visualinsumos.com.ar\/site\/wp-json\/wp\/v2\/product\/9555","targetHints":{"allow":["GET"]}}],"collection":[{"href":"https:\/\/visualinsumos.com.ar\/site\/wp-json\/wp\/v2\/product"}],"about":[{"href":"https:\/\/visualinsumos.com.ar\/site\/wp-json\/wp\/v2\/types\/product"}],"wp:featuredmedia":[{"embeddable":true,"href":"https:\/\/visualinsumos.com.ar\/site\/wp-json\/wp\/v2\/media\/9545"}],"wp:attachment":[{"href":"https:\/\/visualinsumos.com.ar\/site\/wp-json\/wp\/v2\/media?parent=9555"}],"wp:term":[{"taxonomy":"product_brand","embeddable":true,"href":"https:\/\/visualinsumos.com.ar\/site\/wp-json\/wp\/v2\/product_brand?post=9555"},{"taxonomy":"product_cat","embeddable":true,"href":"https:\/\/visualinsumos.com.ar\/site\/wp-json\/wp\/v2\/product_cat?post=9555"},{"taxonomy":"product_tag","embeddable":true,"href":"https:\/\/visualinsumos.com.ar\/site\/wp-json\/wp\/v2\/product_tag?post=9555"}],"curies":[{"name":"wp","href":"https:\/\/api.w.org\/{rel}","templated":true}]}}