{"id":9556,"date":"2023-01-27T16:36:06","date_gmt":"2023-01-27T19:36:06","guid":{"rendered":"https:\/\/visualinsumos.com.ar\/site\/?post_type=product&#038;p=9556"},"modified":"2023-01-27T16:53:20","modified_gmt":"2023-01-27T19:53:20","slug":"maquina-mab2010-p-armar-pines-c-matriz-38mm-1-1-2%e2%80%b3","status":"publish","type":"product","link":"https:\/\/visualinsumos.com.ar\/site\/producto\/maquina-mab2010-p-armar-pines-c-matriz-38mm-1-1-2%e2%80%b3\/","title":{"rendered":"Maquina Mab2010 P Armar Pines C\/Matriz 38mm (1 1\/2\u2033)"},"content":{"rendered":"<p>DESCRIPCI\u00d3N<br \/>\nEsta m\u00e1quina fabricante de botones \/ pines puede armar botones personalizados para tus eventos, souvenirs, accesorios o merchandising.<\/p>\n<p>Somos fabricantes y nuestro dise\u00f1o se desarrolla con materiales de alta calidad para manejar alta producci\u00f3n, durabilidad y un mantenimiento m\u00ednimo. El cuerpo es de aluminio macizo y los marices de acero.<\/p>\n<p>1 1\/2\u2033 pulgada equivale a 38mm.<br \/>\nProduce hasta 200 botones por hora.<br \/>\nTenemos diferentes tama\u00f1os de matrices redondas que son adecuadas para esta m\u00e1quina con el mismo cuerpo de la m\u00e1quina. Las mismas son intercambiables.<\/p>\n<p>Incluye la tabla de corte y el cortador circular correspondiente a la medida.<\/p>\n","protected":false},"excerpt":{"rendered":"<p>DESCRIPCI\u00d3N Esta m\u00e1quina fabricante de botones \/ pines puede armar botones personalizados para tus eventos, souvenirs, accesorios o merchandising. Somos<\/p>\n","protected":false},"featured_media":9545,"template":"","meta":[],"product_brand":[],"product_cat":[402,403],"product_tag":[],"class_list":{"0":"post-9556","1":"product","2":"type-product","3":"status-publish","4":"has-post-thumbnail","6":"product_cat-botones-pines","7":"product_cat-maquinas-botones-pines","8":"pa_marca-nicobuttons","10":"first","11":"instock","12":"shipping-taxable","13":"product-type-simple"},"tiered_pricing_type":"fixed","tiered_pricing_fixed_rules":[],"tiered_pricing_product_settings":{"layout":"default","base_unit_name":{"singular":null,"plural":null},"default_variation":null},"tiered_pricing_minimum_quantity":null,"tiered_pricing_roles_data":[],"tiered_pricing_percentage_rules":[],"_links":{"self":[{"href":"https:\/\/visualinsumos.com.ar\/site\/wp-json\/wp\/v2\/product\/9556","targetHints":{"allow":["GET"]}}],"collection":[{"href":"https:\/\/visualinsumos.com.ar\/site\/wp-json\/wp\/v2\/product"}],"about":[{"href":"https:\/\/visualinsumos.com.ar\/site\/wp-json\/wp\/v2\/types\/product"}],"wp:featuredmedia":[{"embeddable":true,"href":"https:\/\/visualinsumos.com.ar\/site\/wp-json\/wp\/v2\/media\/9545"}],"wp:attachment":[{"href":"https:\/\/visualinsumos.com.ar\/site\/wp-json\/wp\/v2\/media?parent=9556"}],"wp:term":[{"taxonomy":"product_brand","embeddable":true,"href":"https:\/\/visualinsumos.com.ar\/site\/wp-json\/wp\/v2\/product_brand?post=9556"},{"taxonomy":"product_cat","embeddable":true,"href":"https:\/\/visualinsumos.com.ar\/site\/wp-json\/wp\/v2\/product_cat?post=9556"},{"taxonomy":"product_tag","embeddable":true,"href":"https:\/\/visualinsumos.com.ar\/site\/wp-json\/wp\/v2\/product_tag?post=9556"}],"curies":[{"name":"wp","href":"https:\/\/api.w.org\/{rel}","templated":true}]}}