{"id":9581,"date":"2023-01-31T17:53:06","date_gmt":"2023-01-31T20:53:06","guid":{"rendered":"https:\/\/visualinsumos.com.ar\/site\/?post_type=product&#038;p=9581"},"modified":"2023-01-31T18:01:30","modified_gmt":"2023-01-31T21:01:30","slug":"matriz-para-armar-boton-2-1-4%e2%80%b3","status":"publish","type":"product","link":"https:\/\/visualinsumos.com.ar\/site\/producto\/matriz-para-armar-boton-2-1-4%e2%80%b3\/","title":{"rendered":"Matriz Para Armar Boton 2 1\/4\u2033"},"content":{"rendered":"<p>DESCRIPCI\u00d3N<br \/>\nMatriz met\u00e1lica para bot\u00f3n de 2 \u00bc es utilizada con la m\u00e1quina MAB2003\/ 2010, viene con cortador.<\/p>\n<p>2 1\/4 pulgadas equivale a 56mm<\/p>\n","protected":false},"excerpt":{"rendered":"<p>DESCRIPCI\u00d3N Matriz met\u00e1lica para bot\u00f3n de 2 \u00bc es utilizada con la m\u00e1quina MAB2003\/ 2010, viene con cortador. 2 1\/4<\/p>\n","protected":false},"featured_media":9587,"template":"","meta":[],"product_brand":[],"product_cat":[402,404],"product_tag":[],"class_list":{"0":"post-9581","1":"product","2":"type-product","3":"status-publish","4":"has-post-thumbnail","6":"product_cat-botones-pines","7":"product_cat-matrices","8":"pa_marca-nicobuttons","10":"first","11":"instock","12":"shipping-taxable","13":"product-type-simple"},"tiered_pricing_type":"fixed","tiered_pricing_fixed_rules":[],"tiered_pricing_product_settings":{"layout":"default","base_unit_name":{"singular":null,"plural":null},"default_variation":null},"tiered_pricing_minimum_quantity":null,"tiered_pricing_roles_data":[],"tiered_pricing_percentage_rules":[],"_links":{"self":[{"href":"https:\/\/visualinsumos.com.ar\/site\/wp-json\/wp\/v2\/product\/9581","targetHints":{"allow":["GET"]}}],"collection":[{"href":"https:\/\/visualinsumos.com.ar\/site\/wp-json\/wp\/v2\/product"}],"about":[{"href":"https:\/\/visualinsumos.com.ar\/site\/wp-json\/wp\/v2\/types\/product"}],"wp:featuredmedia":[{"embeddable":true,"href":"https:\/\/visualinsumos.com.ar\/site\/wp-json\/wp\/v2\/media\/9587"}],"wp:attachment":[{"href":"https:\/\/visualinsumos.com.ar\/site\/wp-json\/wp\/v2\/media?parent=9581"}],"wp:term":[{"taxonomy":"product_brand","embeddable":true,"href":"https:\/\/visualinsumos.com.ar\/site\/wp-json\/wp\/v2\/product_brand?post=9581"},{"taxonomy":"product_cat","embeddable":true,"href":"https:\/\/visualinsumos.com.ar\/site\/wp-json\/wp\/v2\/product_cat?post=9581"},{"taxonomy":"product_tag","embeddable":true,"href":"https:\/\/visualinsumos.com.ar\/site\/wp-json\/wp\/v2\/product_tag?post=9581"}],"curies":[{"name":"wp","href":"https:\/\/api.w.org\/{rel}","templated":true}]}}