{"id":9583,"date":"2023-01-31T17:53:07","date_gmt":"2023-01-31T20:53:07","guid":{"rendered":"https:\/\/visualinsumos.com.ar\/site\/?post_type=product&#038;p=9583"},"modified":"2023-01-31T18:23:09","modified_gmt":"2023-01-31T21:23:09","slug":"matriz-p-armar-botones-1-1-4","status":"publish","type":"product","link":"https:\/\/visualinsumos.com.ar\/site\/producto\/matriz-p-armar-botones-1-1-4\/","title":{"rendered":"Matriz P Armar Botones 1 1\/4"},"content":{"rendered":"<p>DESCRIPCI\u00d3N<br \/>\nMatriz met\u00e1lica para bot\u00f3n de 1 \u00bc, es utilizada con la m\u00e1quina MAB 2003 o la MAB2010, viene con cortador.<\/p>\n<p>1 1\/4 pulgadas equivale a 32mm<br \/>\nVIENE 1 CORTADOR DE LA MEDIDA CORRESPONDIENTE A LA MATRIZ.<\/p>\n","protected":false},"excerpt":{"rendered":"<p>DESCRIPCI\u00d3N Matriz met\u00e1lica para bot\u00f3n de 1 \u00bc, es utilizada con la m\u00e1quina MAB 2003 o la MAB2010, viene con<\/p>\n","protected":false},"featured_media":9589,"template":"","meta":[],"product_brand":[],"product_cat":[402,404],"product_tag":[],"class_list":{"0":"post-9583","1":"product","2":"type-product","3":"status-publish","4":"has-post-thumbnail","6":"product_cat-botones-pines","7":"product_cat-matrices","8":"pa_marca-nicobuttons","10":"first","11":"instock","12":"shipping-taxable","13":"product-type-simple"},"tiered_pricing_type":"fixed","tiered_pricing_fixed_rules":[],"tiered_pricing_product_settings":{"layout":"default","base_unit_name":{"singular":null,"plural":null},"default_variation":null},"tiered_pricing_minimum_quantity":null,"tiered_pricing_roles_data":[],"tiered_pricing_percentage_rules":[],"_links":{"self":[{"href":"https:\/\/visualinsumos.com.ar\/site\/wp-json\/wp\/v2\/product\/9583","targetHints":{"allow":["GET"]}}],"collection":[{"href":"https:\/\/visualinsumos.com.ar\/site\/wp-json\/wp\/v2\/product"}],"about":[{"href":"https:\/\/visualinsumos.com.ar\/site\/wp-json\/wp\/v2\/types\/product"}],"wp:featuredmedia":[{"embeddable":true,"href":"https:\/\/visualinsumos.com.ar\/site\/wp-json\/wp\/v2\/media\/9589"}],"wp:attachment":[{"href":"https:\/\/visualinsumos.com.ar\/site\/wp-json\/wp\/v2\/media?parent=9583"}],"wp:term":[{"taxonomy":"product_brand","embeddable":true,"href":"https:\/\/visualinsumos.com.ar\/site\/wp-json\/wp\/v2\/product_brand?post=9583"},{"taxonomy":"product_cat","embeddable":true,"href":"https:\/\/visualinsumos.com.ar\/site\/wp-json\/wp\/v2\/product_cat?post=9583"},{"taxonomy":"product_tag","embeddable":true,"href":"https:\/\/visualinsumos.com.ar\/site\/wp-json\/wp\/v2\/product_tag?post=9583"}],"curies":[{"name":"wp","href":"https:\/\/api.w.org\/{rel}","templated":true}]}}