{"id":9606,"date":"2023-01-31T21:28:27","date_gmt":"2023-02-01T00:28:27","guid":{"rendered":"https:\/\/visualinsumos.com.ar\/site\/?post_type=product&#038;p=9606"},"modified":"2023-01-31T21:50:40","modified_gmt":"2023-02-01T00:50:40","slug":"cortapapel-circular-1%e2%80%b3","status":"publish","type":"product","link":"https:\/\/visualinsumos.com.ar\/site\/producto\/cortapapel-circular-1%e2%80%b3\/","title":{"rendered":"Cortapapel Circular 1\u2033"},"content":{"rendered":"<p>DESCRIPCI\u00d3N<br \/>\nCort\u00e1 papeles en forma circular y arm\u00e1 tus propios dise\u00f1os de PINES<\/p>\n<p>Aplica para la medida de 1 pulgadas = 25 mm.<\/p>\n","protected":false},"excerpt":{"rendered":"<p>DESCRIPCI\u00d3N Cort\u00e1 papeles en forma circular y arm\u00e1 tus propios dise\u00f1os de PINES Aplica para la medida de 1 pulgadas<\/p>\n","protected":false},"featured_media":9617,"template":"","meta":[],"product_brand":[],"product_cat":[406,402],"product_tag":[],"class_list":{"0":"post-9606","1":"product","2":"type-product","3":"status-publish","4":"has-post-thumbnail","6":"product_cat-accesorios","7":"product_cat-botones-pines","8":"pa_marca-nicobuttons","10":"first","11":"instock","12":"shipping-taxable","13":"product-type-simple"},"tiered_pricing_type":"fixed","tiered_pricing_fixed_rules":[],"tiered_pricing_product_settings":{"layout":"default","base_unit_name":{"singular":null,"plural":null},"default_variation":null},"tiered_pricing_minimum_quantity":null,"tiered_pricing_roles_data":[],"tiered_pricing_percentage_rules":[],"_links":{"self":[{"href":"https:\/\/visualinsumos.com.ar\/site\/wp-json\/wp\/v2\/product\/9606","targetHints":{"allow":["GET"]}}],"collection":[{"href":"https:\/\/visualinsumos.com.ar\/site\/wp-json\/wp\/v2\/product"}],"about":[{"href":"https:\/\/visualinsumos.com.ar\/site\/wp-json\/wp\/v2\/types\/product"}],"wp:featuredmedia":[{"embeddable":true,"href":"https:\/\/visualinsumos.com.ar\/site\/wp-json\/wp\/v2\/media\/9617"}],"wp:attachment":[{"href":"https:\/\/visualinsumos.com.ar\/site\/wp-json\/wp\/v2\/media?parent=9606"}],"wp:term":[{"taxonomy":"product_brand","embeddable":true,"href":"https:\/\/visualinsumos.com.ar\/site\/wp-json\/wp\/v2\/product_brand?post=9606"},{"taxonomy":"product_cat","embeddable":true,"href":"https:\/\/visualinsumos.com.ar\/site\/wp-json\/wp\/v2\/product_cat?post=9606"},{"taxonomy":"product_tag","embeddable":true,"href":"https:\/\/visualinsumos.com.ar\/site\/wp-json\/wp\/v2\/product_tag?post=9606"}],"curies":[{"name":"wp","href":"https:\/\/api.w.org\/{rel}","templated":true}]}}