{"id":9673,"date":"2023-04-18T17:30:53","date_gmt":"2023-04-18T20:30:53","guid":{"rendered":"https:\/\/visualinsumos.com.ar\/site\/?post_type=product&#038;p=9673"},"modified":"2023-04-18T17:30:55","modified_gmt":"2023-04-18T20:30:55","slug":"kit-de-herramientas-silhouette","status":"publish","type":"product","link":"https:\/\/visualinsumos.com.ar\/site\/producto\/kit-de-herramientas-silhouette\/","title":{"rendered":"Kit de Herramientas Silhouette"},"content":{"rendered":"<p>Este kit contiene los siguientes art\u00edculos:<\/p>\n<p>1 gancho<br \/>\n1 raspador<br \/>\n1 esp\u00e1tula<br \/>\n1 pick-me-up<br \/>\n1 regla (15cm)<br \/>\n1 pa\u00f1o de microfibra<\/p>\n","protected":false},"excerpt":{"rendered":"<p>Este kit contiene los siguientes art\u00edculos: 1 gancho 1 raspador 1 esp\u00e1tula 1 pick-me-up 1 regla (15cm) 1 pa\u00f1o de<\/p>\n","protected":false},"featured_media":9674,"template":"","meta":[],"product_brand":[],"product_cat":[246,238],"product_tag":[],"class_list":{"0":"post-9673","1":"product","2":"type-product","3":"status-publish","4":"has-post-thumbnail","6":"product_cat-herramientas","7":"product_cat-rotulacion","8":"pa_marca-silhouette","10":"first","11":"instock","12":"shipping-taxable","13":"product-type-simple"},"tiered_pricing_type":"fixed","tiered_pricing_fixed_rules":[],"tiered_pricing_product_settings":{"layout":"default","base_unit_name":{"singular":null,"plural":null},"default_variation":null},"tiered_pricing_minimum_quantity":null,"tiered_pricing_roles_data":[],"tiered_pricing_percentage_rules":[],"_links":{"self":[{"href":"https:\/\/visualinsumos.com.ar\/site\/wp-json\/wp\/v2\/product\/9673","targetHints":{"allow":["GET"]}}],"collection":[{"href":"https:\/\/visualinsumos.com.ar\/site\/wp-json\/wp\/v2\/product"}],"about":[{"href":"https:\/\/visualinsumos.com.ar\/site\/wp-json\/wp\/v2\/types\/product"}],"wp:featuredmedia":[{"embeddable":true,"href":"https:\/\/visualinsumos.com.ar\/site\/wp-json\/wp\/v2\/media\/9674"}],"wp:attachment":[{"href":"https:\/\/visualinsumos.com.ar\/site\/wp-json\/wp\/v2\/media?parent=9673"}],"wp:term":[{"taxonomy":"product_brand","embeddable":true,"href":"https:\/\/visualinsumos.com.ar\/site\/wp-json\/wp\/v2\/product_brand?post=9673"},{"taxonomy":"product_cat","embeddable":true,"href":"https:\/\/visualinsumos.com.ar\/site\/wp-json\/wp\/v2\/product_cat?post=9673"},{"taxonomy":"product_tag","embeddable":true,"href":"https:\/\/visualinsumos.com.ar\/site\/wp-json\/wp\/v2\/product_tag?post=9673"}],"curies":[{"name":"wp","href":"https:\/\/api.w.org\/{rel}","templated":true}]}}