{"id":9675,"date":"2023-04-18T17:31:26","date_gmt":"2023-04-18T20:31:26","guid":{"rendered":"https:\/\/visualinsumos.com.ar\/site\/?post_type=product&#038;p=9675"},"modified":"2024-07-16T14:34:36","modified_gmt":"2024-07-16T17:34:36","slug":"herramienta-espatula-silhouette-curio-cameo-portrait-herramienta-espatula-silhouette-curio-cameo-portrait","status":"publish","type":"product","link":"https:\/\/visualinsumos.com.ar\/site\/producto\/herramienta-espatula-silhouette-curio-cameo-portrait-herramienta-espatula-silhouette-curio-cameo-portrait\/","title":{"rendered":"Esp\u00e1tula Silhouette"},"content":{"rendered":"<p>La esp\u00e1tula Silhouette es la herramienta perfecta para levantar dise\u00f1os delicados de la base de corte sin doblarse ni rasgarse. La punta facilita los dise\u00f1os recortables y trabaja alrededor de las formas m\u00e1s intrincadas.<\/p>\n<p>Para usar con:<\/p>\n<p>Silhouette Portrait<br \/>\nSilhouette Portrait 2<br \/>\nSilueta CAMEO<br \/>\nSilueta CAMEO 2<br \/>\nSilueta CAMEO 3<br \/>\nSilhouette Curio<\/p>\n","protected":false},"excerpt":{"rendered":"<p>La esp\u00e1tula Silhouette es la herramienta perfecta para levantar dise\u00f1os delicados de la base de corte sin doblarse ni rasgarse.<\/p>\n","protected":false},"featured_media":9679,"template":"","meta":[],"product_brand":[],"product_cat":[246,238],"product_tag":[],"class_list":{"0":"post-9675","1":"product","2":"type-product","3":"status-publish","4":"has-post-thumbnail","6":"product_cat-herramientas","7":"product_cat-rotulacion","8":"pa_marca-silhouette","10":"first","11":"instock","12":"shipping-taxable","13":"product-type-simple"},"tiered_pricing_type":"fixed","tiered_pricing_fixed_rules":[],"tiered_pricing_product_settings":{"layout":"default","base_unit_name":{"singular":null,"plural":null},"default_variation":null},"tiered_pricing_minimum_quantity":null,"tiered_pricing_roles_data":[],"tiered_pricing_percentage_rules":[],"_links":{"self":[{"href":"https:\/\/visualinsumos.com.ar\/site\/wp-json\/wp\/v2\/product\/9675","targetHints":{"allow":["GET"]}}],"collection":[{"href":"https:\/\/visualinsumos.com.ar\/site\/wp-json\/wp\/v2\/product"}],"about":[{"href":"https:\/\/visualinsumos.com.ar\/site\/wp-json\/wp\/v2\/types\/product"}],"wp:featuredmedia":[{"embeddable":true,"href":"https:\/\/visualinsumos.com.ar\/site\/wp-json\/wp\/v2\/media\/9679"}],"wp:attachment":[{"href":"https:\/\/visualinsumos.com.ar\/site\/wp-json\/wp\/v2\/media?parent=9675"}],"wp:term":[{"taxonomy":"product_brand","embeddable":true,"href":"https:\/\/visualinsumos.com.ar\/site\/wp-json\/wp\/v2\/product_brand?post=9675"},{"taxonomy":"product_cat","embeddable":true,"href":"https:\/\/visualinsumos.com.ar\/site\/wp-json\/wp\/v2\/product_cat?post=9675"},{"taxonomy":"product_tag","embeddable":true,"href":"https:\/\/visualinsumos.com.ar\/site\/wp-json\/wp\/v2\/product_tag?post=9675"}],"curies":[{"name":"wp","href":"https:\/\/api.w.org\/{rel}","templated":true}]}}