{"id":9677,"date":"2023-04-18T17:31:28","date_gmt":"2023-04-18T20:31:28","guid":{"rendered":"https:\/\/visualinsumos.com.ar\/site\/?post_type=product&#038;p=9677"},"modified":"2023-04-18T17:35:27","modified_gmt":"2023-04-18T20:35:27","slug":"herramienta-para-levantar-papel-pick-me-up","status":"publish","type":"product","link":"https:\/\/visualinsumos.com.ar\/site\/producto\/herramienta-para-levantar-papel-pick-me-up\/","title":{"rendered":"Herramienta para levantar papel &#8211; Pick Me Up"},"content":{"rendered":"<p>La herramienta Pick-Me-Up tiene una punta pegajosa para recoger y colocar objetos peque\u00f1os, como trozos de papel y pedrer\u00eda.<br \/>\nLa punta de la herramienta puede retorcerse para exponer m\u00e1s material pegajoso a medida que comienza a desgastarse.<br \/>\nTambi\u00e9n tiene un l\u00e1piz extra\u00edble en la parte posterior de la herramienta para que pueda presionar peque\u00f1os trozos de papel en su lugar para ayudar a liberarlos del agarre pegajoso de la herramienta.<\/p>\n","protected":false},"excerpt":{"rendered":"<p>La herramienta Pick-Me-Up tiene una punta pegajosa para recoger y colocar objetos peque\u00f1os, como trozos de papel y pedrer\u00eda. La<\/p>\n","protected":false},"featured_media":9681,"template":"","meta":[],"product_brand":[],"product_cat":[246,238],"product_tag":[],"class_list":{"0":"post-9677","1":"product","2":"type-product","3":"status-publish","4":"has-post-thumbnail","6":"product_cat-herramientas","7":"product_cat-rotulacion","8":"pa_marca-silhouette","10":"first","11":"instock","12":"shipping-taxable","13":"product-type-simple"},"tiered_pricing_type":"fixed","tiered_pricing_fixed_rules":[],"tiered_pricing_product_settings":{"layout":"default","base_unit_name":{"singular":null,"plural":null},"default_variation":null},"tiered_pricing_minimum_quantity":null,"tiered_pricing_roles_data":[],"tiered_pricing_percentage_rules":[],"_links":{"self":[{"href":"https:\/\/visualinsumos.com.ar\/site\/wp-json\/wp\/v2\/product\/9677","targetHints":{"allow":["GET"]}}],"collection":[{"href":"https:\/\/visualinsumos.com.ar\/site\/wp-json\/wp\/v2\/product"}],"about":[{"href":"https:\/\/visualinsumos.com.ar\/site\/wp-json\/wp\/v2\/types\/product"}],"wp:featuredmedia":[{"embeddable":true,"href":"https:\/\/visualinsumos.com.ar\/site\/wp-json\/wp\/v2\/media\/9681"}],"wp:attachment":[{"href":"https:\/\/visualinsumos.com.ar\/site\/wp-json\/wp\/v2\/media?parent=9677"}],"wp:term":[{"taxonomy":"product_brand","embeddable":true,"href":"https:\/\/visualinsumos.com.ar\/site\/wp-json\/wp\/v2\/product_brand?post=9677"},{"taxonomy":"product_cat","embeddable":true,"href":"https:\/\/visualinsumos.com.ar\/site\/wp-json\/wp\/v2\/product_cat?post=9677"},{"taxonomy":"product_tag","embeddable":true,"href":"https:\/\/visualinsumos.com.ar\/site\/wp-json\/wp\/v2\/product_tag?post=9677"}],"curies":[{"name":"wp","href":"https:\/\/api.w.org\/{rel}","templated":true}]}}